{"id":87,"date":"2026-02-11T23:32:50","date_gmt":"2026-02-11T23:32:50","guid":{"rendered":"https:\/\/gbm.com\/the-trading-sessions\/?page_id=87"},"modified":"2026-02-16T17:05:53","modified_gmt":"2026-02-16T17:05:53","slug":"aviso-de-privacidad-integral-gbm-com","status":"publish","type":"page","link":"https:\/\/gbm.com\/the-trading-sessions\/aviso-de-privacidad-integral-gbm-com\/","title":{"rendered":"Aviso de Privacidad Integral GBM.com"},"content":{"rendered":"<p>GBM.com, S.A. de C.V., en adelante \u201cGBM.COM\u201d, con domicilio en Av. J Barros Sierra 540, Torre II, Piso 9, Oficina 901, Colonia Santa Fe Centro Ciudad, Alcald\u00eda \u00c1lvaro Obreg\u00f3n, C.P. 01376, CDMX, comprometida con la protecci\u00f3n de tus datos personales, asumiendo la responsabilidad del uso, manejo y confidencialidad de acuerdo con lo previsto en la Ley Federal de Protecci\u00f3n de Datos Personales en Posesi\u00f3n de los Particulares (\u201cLFPDPPP\u201d), su reglamento (el \u201cReglamento\u201d) y dem\u00e1s disposiciones aplicables en la materia, emite el presente Aviso de Privacidad con el fin de darte a conocer la informaci\u00f3n relativa a las caracter\u00edsticas principales del tratamiento al que ser\u00e1n sometidos tus datos personales.<\/p>\n<h2><\/h2>\n<h2><strong>Responsable<\/strong><\/h2>\n<p>El responsable del Tratamiento de sus Datos Personales ser\u00e1 GBM.com, S.A. de C.V., toda vez que recaba Datos Personales para el cumplimiento de las finalidades aplicables a los servicios provistos por GBM.com, S.A. de C.V.<\/p>\n<p><strong>Datos personales recabados que requieren consentimiento.<\/strong><\/p>\n<p>Los datos personales que usted libre y voluntariamente proporcione a GBM.COM por cualquier medio que pongamos a su disposici\u00f3n o a trav\u00e9s de cualquier otra tecnolog\u00eda y de otras fuentes permitidas por la Ley, o que lleguen a nosotros a trav\u00e9s de medios de acceso p\u00fablico, o por cualquier otra fuente l\u00edcita (en lo sucesivo y en su conjunto \u201cDatos Personales de personas f\u00edsicas o morales\u201d) considerando en todo momento los intereses que le asisten en t\u00e9rminos de la Ley y el Reglamento, podr\u00e1n incluir:<\/p>\n<ul>\n<li>Datos de identificaci\u00f3n, incluyendo su imagen personal;<\/li>\n<li>Datos de contacto;<\/li>\n<li>Datos de autenticaci\u00f3n;<\/li>\n<li>RFC;<\/li>\n<li>CURP.<\/li>\n<\/ul>\n<p>Los datos personales de terceras personas facilitados por usted a GBM.COM para el cumplimiento de las finalidades identificadas o para las finalidades secundarias (por ejemplo, datos de familiares o beneficiarios), deber\u00e1n ser proporcionados despu\u00e9s de que usted les haya informado sobre la existencia del tratamiento de sus datos personales y el contenido de este Aviso de Privacidad.<\/p>\n<h2><\/h2>\n<h2><strong>Datos personales sensibles<\/strong><\/h2>\n<p>Asimismo, le informamos que trataremos sus datos biom\u00e9tricos, los cuales son catalogados como sensibles conforme a la LFPDPPP, con el fin de identificarle y verificar su identidad para proveer los servicios que contrate con GBM.COM.<\/p>\n<h2><\/h2>\n<h2><strong>Finalidades primarias del tratamiento<\/strong><\/h2>\n<p>Los datos personales antes mencionados ser\u00e1n utilizados para las siguientes finalidades primarias y necesarias:<\/p>\n<ul>\n<li>Verificar y confirmar la identidad<\/li>\n<li>Operaci\u00f3n y gesti\u00f3n de los servicios que contrate con GBM.COM;<\/li>\n<li>Dar cumplimiento a obligaciones regulatorias emitidas por las autoridades competentes;<\/li>\n<li>Cumplir con las obligaciones establecidas por la legislaci\u00f3n aplicable y las autoridades competentes;<\/li>\n<li>Compartir informaci\u00f3n para proveer servicios de GBM.COM;<\/li>\n<li>Evaluar la calidad del servicio brindado por GBM.COM;<\/li>\n<li>Ofrecer, informar y prestar servicios y productos, as\u00ed como para el dise\u00f1o, evaluaci\u00f3n, adecuaci\u00f3n y mejora de \u00e9stos;<\/li>\n<li>Evaluaci\u00f3n para la operaci\u00f3n de los servicios que contrate con GBM.COM.<\/li>\n<li>Confirmaci\u00f3n de los datos de la credencial para votar en el servicio de verificaci\u00f3n del Instituto Nacional Electoral. (Los titulares disfrutar\u00e1n de los beneficios que conlleva el tratamiento de datos a trav\u00e9s del servicio de verificaci\u00f3n mencionado, tales como la verificaci\u00f3n de que los datos contenidos en la credencial para votar que exhiban exclusivamente ante \u201cGBM.COM\u201d coincidan con los que obran en poder del Instituto Nacional Electoral, dicha verificaci\u00f3n garantizar\u00e1 la integridad y el derecho a la protecci\u00f3n de los datos personales que contiene la credencial para votar, de los titulares y coadyuvar\u00e1 en la prevenci\u00f3n de la usurpaci\u00f3n de identidad o alg\u00fan otro delito que pueda generar perjuicio a los titulares de los datos personales que contiene su credencial para votar).<\/li>\n<\/ul>\n<h2><\/h2>\n<h2>Finalidades secundarias del tratamiento de datos personales<\/h2>\n<p>Asimismo, si usted no se opone, los datos personales antes mencionados podr\u00e1n ser tratados para cumplir con las finalidades secundarias de comunicarle y contactarle a trav\u00e9s de llamadas telef\u00f3nicas, mensajes de texto y dem\u00e1s medios de comunicaci\u00f3n f\u00edsicos y\/o electr\u00f3nicos para:<\/p>\n<ul>\n<li>Env\u00edo de comunicaciones sobre ofertas y nuevos productos y\/o servicios proporcionados por GBM.COM.<\/li>\n<li>Promoci\u00f3n, distribuci\u00f3n, comercializaci\u00f3n y venta de productos y\/o servicios ofrecidos por las compa\u00f1\u00edas matrices, sucursales, afiliadas o subsidiarias de GBM.COM.<\/li>\n<li>Env\u00edo de informaci\u00f3n sobre eventos sociales organizados por GBM.COM.<\/li>\n<li>Env\u00edo de informaci\u00f3n sobre actividades recreativas, educacionales o culturales organizadas por GBM.COM.<\/li>\n<\/ul>\n<p>En caso de que no desee que sus datos personales sean tratados para estas finalidades secundarias, desde este momento usted nos puede comunicar lo anterior enviando la Solicitud de ejercicio de Derechos ARCO, que se encuentra a su disposici\u00f3n en el sitio web: <a href=\"https:\/\/gbm.com\/avisos-de-privacidad\/\">https:\/\/gbm.com\/avisos-de-privacidad\/<\/a>, al correo electr\u00f3nico <a href=\"mailto:datospersonales@gbm.com\">datospersonales@gbm.com<\/a>.<\/p>\n<p>Es importante mencionar que GBM.COM se compromete a tratar los datos personales \u00fanica y exclusivamente para las finalidades aprobadas por el titular, as\u00ed como establecer y mantener los controles de seguridad necesarios para la protecci\u00f3n de \u00e9stos. La negativa para el uso de sus datos personales para las finalidades secundarias no podr\u00e1 ser un motivo para que le neguemos nuestros servicios y productos que solicita o contrata con nosotros. Se hace de su conocimiento que GBM.COM no trata datos sensibles.<\/p>\n<h2><\/h2>\n<h2><strong>Proporcionalidad<\/strong><\/h2>\n<p>La cantidad de Datos Personales que se requieren estar\u00e1 relacionada \u00fanicamente con los datos que se requieren para ofrecer los Servicios de GBM.COM y bajo el cumplimiento de las finalidades antes expuestas en este aviso de privacidad de GBM.COM.<\/p>\n<h2><\/h2>\n<h2><strong>Transferencia de datos personales<\/strong><\/h2>\n<p>GBM.COM podr\u00e1 transferir sus datos personales sin requerir su consentimiento, dentro del territorio nacional como extranjero, a las siguientes categor\u00edas de destinatarios y para las finalidades identificadas a continuaci\u00f3n, as\u00ed como a las se\u00f1aladas en el inciso anterior:<\/p>\n<ul>\n<li>Organismos P\u00fablicos; Administraciones p\u00fablicas federales, estatales o municipales; Comisiones; Institutos y\/o Entidades Reguladoras; para el cumplimiento de obligaciones informativas, de transparencia y de prevenci\u00f3n de lavado de dinero; as\u00ed como para el cumplimiento de requerimientos judiciales o administrativos emitidos por autoridades competentes;<\/li>\n<li>Entidades Financieras; para el cumplimiento de obligaciones informativas, de transparencia, de prevenci\u00f3n de lavado de dinero, y dem\u00e1s disposiciones legales.<\/li>\n<li>Proveedores de servicios; para la finalidad de que \u00e9stos asistan a GBM.COM en la ejecuci\u00f3n de los servicios relacionados con su contrato, as\u00ed como para atender y asegurar el cumplimiento de requerimientos judiciales o administrativos emitidos por autoridades competentes.<\/li>\n<\/ul>\n<p>Si usted no se opone y en caso de que le sea aplicable, GBM.COM podr\u00e1 transferir sus datos personales a terceros (alianzas comerciales), con la exclusiva finalidad de proporcionarle productos y\/o servicios adicionales a su contrato.<\/p>\n<p>Usted puede manifestar su negativa para la referida transferencia enviando la Solicitud de ejercicio de Derechos ARCO, que se encuentra a su disposici\u00f3n en el sitio web: <a href=\"https:\/\/gbm.com\/avisos-de-privacidad\/\">https:\/\/gbm.com\/avisos-de-privacidad\/<\/a>, al correo electr\u00f3nico <a href=\"mailto:datospersonales@gbm.com\">datospersonales@gbm.com<\/a>.<\/p>\n<p>GBM.COM adoptar\u00e1 las medidas necesarias de conformidad con lo estipulado en la Ley, para que las personas que tengan acceso a sus Datos Personales cumplan con los requisitos de seguridad de GBM.COM dando el mismo tratamiento.<\/p>\n<p>Con la aceptaci\u00f3n del presente Aviso de Privacidad, se entiende que el Titular otorga su autorizaci\u00f3n [expresa \u2013 por confirmar] para que GBM.COM transfiera sus Datos Personales a terceros, ya sean mexicanos o extranjeros, cuando sea requerido su consentimiento. Usted puede manifestar su negativa para la referida transferencia enviando la Solicitud de ejercicio de Derechos ARCO, la cual se encuentra a su disposici\u00f3n en el sitio web: https:\/\/gbm.com\/avisos-de-privacidad\/, al correo electr\u00f3nico <a href=\"mailto:datospersonales@gbm.com\">datospersonales@gbm.com<\/a>. Usted manifiesta que:<\/p>\n<ul>\n<li>El presente aviso de privacidad le ha sido puesto a su disposici\u00f3n por GBM.COM;<\/li>\n<li>Haber le\u00eddo y entendido el presente aviso de privacidad;<\/li>\n<li>Otorga su consentimiento para que GBM.COM lleve a cabo las finalidades secundarias del tratamiento, as\u00ed como las transferencias que requieran de su consentimiento conforme a lo se\u00f1alado en el presente Aviso de Privacidad;<\/li>\n<\/ul>\n<h2><\/h2>\n<h2>Ejercicio de los Derechos de Acceso, Rectificaci\u00f3n, Cancelaci\u00f3n u Oposici\u00f3n (Derechos ARCO) y revocaci\u00f3n de consentimiento<\/h2>\n<p>En caso de que usted no desee que sus datos personales sean tratados para las anteriores finalidades podr\u00e1 ejercer cualquiera de los derechos de acceso, rectificaci\u00f3n, cancelaci\u00f3n u oposici\u00f3n, as\u00ed como revocar tu consentimiento para el tratamiento de sus datos personales, contactando a nuestro Departamento de Privacidad y Protecci\u00f3n de datos personales al correo electr\u00f3nico <a href=\"mailto:datospersonales@gbm.com\">datospersonales@gbm.com<\/a> (horario de atenci\u00f3n de lunes a jueves de 9:00 a 18:00 y viernes de 9:00 a 15:00).<\/p>\n<p>Su petici\u00f3n deber\u00e1 ser realizada a trav\u00e9s de la Solicitud de ejercicio de Derechos ARCO en adelante, \u201cSolicitud ARCO\u201d que se encuentra a su disposici\u00f3n en el sitio web (<strong><em>https:\/\/gbm.com\/avisos-de-privacidad\/<\/em><\/strong>), que contiene el formato e indicaciones para atenderle conforme a la normatividad.<\/p>\n<p>La solicitud deber\u00e1 ser acompa\u00f1ada de una copia de los siguientes documentos:<\/p>\n<ul>\n<li>Formato SOLICITUD PARA EL EJERCICIO DE LOS DERECHOS ARCO<\/li>\n<li>Credencial de elector; (ii) pasaporte; (iii) cartilla del servicio militar nacional; (iv) Formato FM2 o FM3. (Titular y\/o representante legal en su caso);<\/li>\n<li>Documento de acreditaci\u00f3n en el que conste la representaci\u00f3n legal y\/o carta poder firmada ante dos testigos.<\/li>\n<\/ul>\n<p>Para que GBM.COM pueda darle seguimiento a la solicitud, usted o su representante legal, deber\u00e1n acreditar correctamente su identidad, por lo que es necesario que se acompa\u00f1e la \u201cSolicitud ARCO\u201d con copia de alguna identificaci\u00f3n oficial vigente y el formato con firma aut\u00f3grafa.<\/p>\n<p>En caso de que la informaci\u00f3n proporcionada en la \u201cSolicitud ARCO\u201d sea err\u00f3nea o insuficiente, o bien, no se acompa\u00f1en los documentos de acreditaci\u00f3n correspondientes, dentro de los cinco (5) d\u00edas h\u00e1biles siguientes a la recepci\u00f3n de la solicitud, GBM.COM podr\u00e1 requerir que aporte los elementos o documentos necesarios para dar tr\u00e1mite a la misma. Contar\u00e1 con diez (10) d\u00edas h\u00e1biles para atender el requerimiento, contados a partir del d\u00eda siguiente en que lo haya recibido. De no dar respuesta en dicho plazo, se tendr\u00e1 por no presentada la solicitud correspondiente.<\/p>\n<p>GBM.COM le comunicar\u00e1 la determinaci\u00f3n adoptada, en un plazo m\u00e1ximo de veinte (20) d\u00edas h\u00e1biles contados a partir de la fecha en que se recibi\u00f3 la solicitud, a efecto de que, si resulta procedente, haga efectiva la misma dentro de los quince (15) d\u00edas h\u00e1biles siguientes a que se comunique la respuesta. La respuesta se otorgar\u00e1 por la v\u00eda o medio que haya especificado en su \u201cSolicitud ARCO\u201d. El ejercicio de cualquiera de estos derechos no es requisito previo ni impide el ejercicio de otro.<\/p>\n<p>Transcurrido el t\u00e9rmino que se\u00f1ala la Ley Federal de Protecci\u00f3n de Datos Personales en Posesi\u00f3n de los Particulares y el Reglamento de la Federal de Protecci\u00f3n de Datos Personales en Posesi\u00f3n de los Particulares GBM.COM no diera respuesta a su solicitud o no fuera resuelta de manera satisfactoria, tiene derecho a iniciar el procedimiento de protecci\u00f3n de Derechos ARCO ante la <strong>Secretar\u00eda Anticorrupci\u00f3n y Buen Gobierno<\/strong>, lo anterior de conformidad con los requerimientos que le sean informados por dicho Instituto en su debida oportunidad.<\/p>\n<p>Para GBM.COM es importante mantener actualizados sus datos personales, as\u00ed como garantizar su veracidad, vigencia y exactitud; por lo que agradeceremos que en todo momento nos comunique de cualquier cambio o actualizaci\u00f3n de sus datos por medio del formato de derechos ARCO puesto a su disposici\u00f3n en el sitio web: <a href=\"https:\/\/gbm.com\/avisos-de-privacidad\/\">https:\/\/gbm.com\/avisos-de-privacidad\/<\/a>, al correo electr\u00f3nico <a href=\"mailto:datospersonales@gbm.com\">datospersonales@gbm.com<\/a>.<\/p>\n<h2><\/h2>\n<h2>Opciones y medios para limitar el uso y\/o divulgaci\u00f3n de sus datos personales<\/h2>\n<p>Usted podr\u00e1 limitar el uso y\/o divulgaci\u00f3n de sus datos personales enviando su Solicitud ARCO a nuestro Departamento de Privacidad y Protecci\u00f3n de datos personales a la direcci\u00f3n <a href=\"mailto:datospersonales@gbm.com\">datospersonales@gbm.com<\/a>. Los requisitos para acreditar su identidad, as\u00ed como el procedimiento para atender su solicitud se regir\u00e1n por los mismos criterios se\u00f1alados en el apartado anterior.<\/p>\n<p>En caso de que su solicitud resulte procedente, nuestro Departamento de Privacidad y Protecci\u00f3n de datos personales lo registrar\u00e1 en el listado de exclusi\u00f3n propio de GBM.COM.<\/p>\n<h2><\/h2>\n<h2>Uso de cookies, web beacons y otras tecnolog\u00edas<\/h2>\n<p>Le informamos que, en su sitio de internet y en sus aplicaciones, GBM.COM utiliza cookies y\/o web beacons.<\/p>\n<p>A trav\u00e9s de estos mecanismos se recaban datos de manera autom\u00e1tica y simult\u00e1nea para monitorear su comportamiento como usuario de nuestros servicios.<\/p>\n<p>Estas tecnolog\u00edas permiten recopilar informaci\u00f3n sobre el tipo de navegador, sistema operativo, visitas a otros sitios de internet o llevar a cabo su identificaci\u00f3n como usuario para mejorar la eficiencia de nuestras herramientas tecnol\u00f3gicas, incluyendo su experiencia cuando navega por dichos sitios o usa nuestras aplicaciones.<\/p>\n<p>Si lo desea, puede deshabilitar o ajustar el uso de estas tecnolog\u00edas siguiendo los procedimientos del navegador de internet que utiliza para acceder a nuestros sitios web y\/o del dispositivo m\u00f3vil a trav\u00e9s del cual accede a nuestros servicios.<\/p>\n<h2><\/h2>\n<h2>Cambios al Aviso de Privacidad<\/h2>\n<p>GBM.COM se reserva el derecho, bajo su exclusiva discreci\u00f3n, de cambiar, modificar, agregar o eliminar partes del presente Aviso de Privacidad en cualquier momento.<\/p>\n<p>En tal caso, GBM.COM mantendr\u00e1 su Aviso de Privacidad Integral vigente en el sitio web.<\/p>\n<p><strong><em>https:\/\/gbm.com\/avisos-de-privacidad\/<\/em><\/strong><\/p>\n<p>Le recomendamos visitar peri\u00f3dicamente esta p\u00e1gina con la finalidad de informarse si ocurre alg\u00fan cambio al presente.<\/p>\n<p>GBM.COM estar\u00e1 obligado a poner a su disposici\u00f3n un nuevo Aviso de Privacidad, cuando, en su car\u00e1cter de responsable:<\/p>\n<ul>\n<li>Cambie su identidad;<\/li>\n<li>Requiera recabar Datos Personales Sensibles, Patrimoniales o Financieros adicionales a aqu\u00e9llos informados en el presente Aviso de Privacidad, cuando los mismos no se obtengan de manera personal o directa del titular y se requiera del consentimiento de \u00e9ste;<\/li>\n<li>Cambie las finalidades que dieron origen o son necesarias para la relaci\u00f3n jur\u00eddica entre GBM.COM y el titular; o bien, se incorporen nuevas que requieran del consentimiento de \u00e9ste, o<\/li>\n<li>Modifique las condiciones de transferencias o se vayan a realizar transferencias no previstas inicialmente, y el consentimiento del titular sea necesario.<\/li>\n<\/ul>\n<p>Por su seguridad e informaci\u00f3n, le sugerimos que revise peri\u00f3dicamente el contenido de este Aviso de Privacidad, o bien que nos env\u00ede cualquier solicitud de informaci\u00f3n o aclaraciones a nuestra cuenta de correo electr\u00f3nico: <a href=\"mailto:datospersonales@gbm.com\">datospersonales@gbm.com<\/a><\/p>\n<p>Este Aviso de Privacidad cumple con los requisitos que marca la Ley Federal de Protecci\u00f3n de Datos Personales en Posesi\u00f3n de los Particulares, el Reglamento de la Ley Federal de Protecci\u00f3n de Datos Personales en Posesi\u00f3n de los Particulares, los Lineamientos del Aviso de Privacidad y dem\u00e1s disposiciones legales aplicables.<\/p>\n<p>Usted tendr\u00e1 pleno control y decisi\u00f3n sobre sus Datos Personales. Al proporcionar sus Datos Personales a trav\u00e9s de cualquier tecnolog\u00eda o fuente permitida por la ley, usted confirma y acepta que ha le\u00eddo y otorga su consentimiento expreso para que sus Datos Personales sean tratados de acuerdo con los t\u00e9rminos y condiciones del presente Aviso de Privacidad y dem\u00e1s disposiciones legales aplicables.<\/p>\n<h1><\/h1>\n","protected":false},"excerpt":{"rendered":"<p>GBM.com, S.A. de C.V., en adelante \u201cGBM.COM\u201d, con domicilio en Av. J Barros Sierra 540, Torre II, Piso 9, Oficina 901, Colonia Santa Fe Centro Ciudad, Alcald\u00eda \u00c1lvaro Obreg\u00f3n, C.P. 01376, CDMX, comprometida con la protecci\u00f3n de tus datos personales, asumiendo la responsabilidad del uso, manejo y confidencialidad de acuerdo con lo previsto en la [&hellip;]<\/p>\n","protected":false},"author":2,"featured_media":0,"parent":0,"menu_order":0,"comment_status":"closed","ping_status":"closed","template":"template-legales.php","meta":{"_acf_changed":false,"footnotes":""},"class_list":["post-87","page","type-page","status-publish","hentry"],"acf":[],"featured_image_src":null,"featured_image_src_square":null,"_links":{"self":[{"href":"https:\/\/gbm.com\/the-trading-sessions\/wp-json\/wp\/v2\/pages\/87","targetHints":{"allow":["GET"]}}],"collection":[{"href":"https:\/\/gbm.com\/the-trading-sessions\/wp-json\/wp\/v2\/pages"}],"about":[{"href":"https:\/\/gbm.com\/the-trading-sessions\/wp-json\/wp\/v2\/types\/page"}],"author":[{"embeddable":true,"href":"https:\/\/gbm.com\/the-trading-sessions\/wp-json\/wp\/v2\/users\/2"}],"replies":[{"embeddable":true,"href":"https:\/\/gbm.com\/the-trading-sessions\/wp-json\/wp\/v2\/comments?post=87"}],"version-history":[{"count":13,"href":"https:\/\/gbm.com\/the-trading-sessions\/wp-json\/wp\/v2\/pages\/87\/revisions"}],"predecessor-version":[{"id":118,"href":"https:\/\/gbm.com\/the-trading-sessions\/wp-json\/wp\/v2\/pages\/87\/revisions\/118"}],"wp:attachment":[{"href":"https:\/\/gbm.com\/the-trading-sessions\/wp-json\/wp\/v2\/media?parent=87"}],"curies":[{"name":"wp","href":"https:\/\/api.w.org\/{rel}","templated":true}]}}