{"id":94,"date":"2026-02-11T23:39:31","date_gmt":"2026-02-11T23:39:31","guid":{"rendered":"https:\/\/gbm.com\/the-trading-sessions\/?page_id=94"},"modified":"2026-02-11T23:47:17","modified_gmt":"2026-02-11T23:47:17","slug":"terminos-y-condiciones","status":"publish","type":"page","link":"https:\/\/gbm.com\/the-trading-sessions\/terminos-y-condiciones\/","title":{"rendered":"T\u00e9rminos y condiciones"},"content":{"rendered":"<h2>1. ACEPTACI\u00d3N DE LOS T\u00c9RMINOS<\/h2>\n<p>El presente documento establece los T\u00e9rminos y Condiciones de Uso (en adelante, los \u201cT\u00e9rminos\u201d) que rigen el acceso y uso de la plataforma de acceso (en adelante, la \u201cPlataforma\u201d) al curso denominado <em>\u201cTrading Sessions\u201d<\/em> (el \u201cCurso\u201d) operada por GBM.com, S.A. de C.V. (en adelante \u201cGBM\u201d).<\/p>\n<p>Al hacer clic en \u201cAcepto los T\u00e9rminos y Condiciones de Uso\u201d y\/o al utilizar cualquier parte de la Plataforma, (t\u00fa, usted) (en adelante, el \u201cUsuario\u201d) declara que ha le\u00eddo, comprendido y aceptado expresamente los presentes T\u00e9rminos. Si el Usuario no est\u00e1 de acuerdo con estos T\u00e9rminos, deber\u00e1 abstenerse de utilizar la Plataforma.<\/p>\n<h2><\/h2>\n<h2><\/h2>\n<h2>2. OBJETO DE LA PLATAFORMA<\/h2>\n<p>La Plataforma es operada t\u00e9cnicamente a trav\u00e9s de la infraestructura provista por el proveedor de servicios digitales Kajabi, Inc. (\u201cKajabi\u201d). No obstante, GBM por medio de una cuenta administrada por su personal autorizado, es responsable exclusivo de la gesti\u00f3n del contenido, la administraci\u00f3n de usuarios y el control de acceso a los materiales disponibles en la Plataforma. Kajabi no interviene en la elaboraci\u00f3n, validaci\u00f3n ni supervisi\u00f3n del contenido formativo, ni en la relaci\u00f3n jur\u00eddica entre GBM y los Usuarios.<\/p>\n<p>La Plataforma proporciona contenido formativo, herramientas educativas y recursos acad\u00e9micos dirigidos a personas interesadas en adquirir conocimientos relacionados con inversiones y asesor\u00eda financiera. El acceso a la Plataforma no implica la obtenci\u00f3n autom\u00e1tica de certificaciones oficiales.<\/p>\n<h2><\/h2>\n<h2><\/h2>\n<h2>3. DESTINATARIOS DE LOS SERVICIOS<\/h2>\n<p>Los servicios est\u00e1n dirigidos exclusivamente a personas mayores de edad que cuenten con capacidad legal para contratar y tengan inter\u00e9s leg\u00edtimo en el aprendizaje de temas financieros e inversi\u00f3n. El Usuario reconoce que el contenido proporcionado es de car\u00e1cter formativo y no constituye una recomendaci\u00f3n personalizada ni asesor\u00eda de inversi\u00f3n conforme a lo previsto en la Ley del Mercado de Valores.<\/p>\n<h2><\/h2>\n<h2><\/h2>\n<h2>4. REQUISITOS PARA ACCEDER A LA PLATAFORMA<\/h2>\n<p>Para acceder a la Plataforma y los Materiales, el Usuario deber\u00e1 contar con una conexi\u00f3n estable a Internet y disponer de los dispositivos y elementos necesarios para ingresar y utilizar la Plataforma. Asimismo, reconoce que para tener acceso al Curso y los Materiales deber\u00e1 registrar y crear una cuenta, proporcionando informaci\u00f3n veraz, completa y actualizada. El Usuario ser\u00e1 responsable de custodiar su informaci\u00f3n de acceso y notificar cualquier uso no autorizado y\/o posible suplantaci\u00f3n de identidad.<\/p>\n<h2><\/h2>\n<h2><\/h2>\n<h2>5. PROPIEDAD INTELECTUAL<\/h2>\n<p>Todo el Material incluido en la Plataforma, incluyendo, pero no limitado a: textos, videos, materiales descargables, gr\u00e1ficos, marcas, logotipos y software (el \u201cMaterial\u201d) es propiedad de GBM, sus subsidiarias y\/o afiliadas y\/o de sus licenciantes y se encuentran protegidos por las leyes aplicables de propiedad intelectual. El uso de dichos contenidos est\u00e1 limitado al acceso personal y no comercial por parte del Usuario. Queda estrictamente prohibida su grabaci\u00f3n, comercializaci\u00f3n, reproducci\u00f3n, distribuci\u00f3n, venta, explotaci\u00f3n o modificaci\u00f3n sin autorizaci\u00f3n expresa y por escrito de GBM.<\/p>\n<h2><\/h2>\n<h2><\/h2>\n<h2>6. USO PERMITIDO DE LA PLATAFORMA<\/h2>\n<p>El Usuario se compromete a utilizar la Plataforma conforme a la legislaci\u00f3n aplicable, la moral, el orden p\u00fablico y los presentes T\u00e9rminos. En particular, se abstendr\u00e1 de:<\/p>\n<ul>\n<li>Usar la Plataforma con fines il\u00edcitos;<\/li>\n<li>Intentar acceder a sistemas restringidos o interferir con su funcionamiento;<\/li>\n<li>Compartir su cuenta con terceros;<\/li>\n<li>Utilizar los contenidos con fines comerciales o de asesor\u00eda profesional.<\/li>\n<\/ul>\n<p>&nbsp;<\/p>\n<p>&nbsp;<\/p>\n<p>&nbsp;<\/p>\n<h2>7. LIMITACI\u00d3N DE RESPONSABILIDAD<\/h2>\n<p>GBM no ser\u00e1 responsable por decisiones que el Usuario tome con base en la informaci\u00f3n proporcionada en la Plataforma. La Plataforma tiene fines exclusivamente educativos y no sustituye la capacitaci\u00f3n oficial ni certificaciones requeridas por las autoridades financieras mexicanas, incluyendo, pero no limitado a la Comisi\u00f3n Nacional Bancaria y de Valores (CNBV).<\/p>\n<p>&nbsp;<\/p>\n<h2><\/h2>\n<h2>8. EXCLUSI\u00d3N DE GARANT\u00cdA DE CERTIFICACI\u00d3N<\/h2>\n<p>El Usuario reconoce y acepta que el acceso a la Plataforma y el aprovechamiento de sus contenidos no constituyen garant\u00eda alguna de:<\/p>\n<ul>\n<li>Cumplimiento de requisitos legales o regulatorios para certificarse como asesor de inversiones ante la Comisi\u00f3n Nacional Bancaria y de Valores (CNBV) u otras autoridades competentes.<\/li>\n<\/ul>\n<p>La Plataforma tiene \u00fanicamente fines educativos y no sustituye ning\u00fan proceso de acreditaci\u00f3n, evaluaci\u00f3n oficial o certificaci\u00f3n profesional. Cualquier decisi\u00f3n del Usuario para presentarse a procesos de evaluaci\u00f3n o certificaci\u00f3n ser\u00e1 bajo su propio criterio y responsabilidad.<\/p>\n<p>&nbsp;<\/p>\n<h2><\/h2>\n<h2>9. CAUSAS DE TERMINACI\u00d3N Y REEMBOLSO<\/h2>\n<p>GBM se reserva el derecho de suspender o eliminar cuentas que incumplan con los presentes T\u00e9rminos y la legislaci\u00f3n aplicable.<\/p>\n<p>Asimismo, en caso de que, por caso fortuito o fuerza mayor, GBM se vea obligado a cancelar el Curso de manera anticipada o previo a su publicaci\u00f3n, el Usuario tendr\u00e1 derecho a solicitar el reembolso proporcional del monto pagado por el Curso, considerando el periodo desde la fecha de pago hasta la fecha de cancelaci\u00f3n. El procedimiento para solicitar el reembolso ser\u00e1 comunicado a trav\u00e9s de la Plataforma y deber\u00e1 realizarse dentro de los 30 (treinta) d\u00edas naturales siguientes a la notificaci\u00f3n de la cancelaci\u00f3n. El reembolso se realizar\u00e1 en un plazo m\u00e1ximo de 30 (treinta) d\u00edas h\u00e1biles contados a partir de la recepci\u00f3n de la solicitud y la validaci\u00f3n de la informaci\u00f3n por parte de GBM. En caso de dudas o aclaraciones, el Usuario podr\u00e1 contactar al \u00e1rea de atenci\u00f3n a clientes mediante los canales oficiales de GBM.<\/p>\n<p>&nbsp;<\/p>\n<h2><\/h2>\n<h2>10. PROTECCI\u00d3N DE DATOS PERSONALES<\/h2>\n<p>El tratamiento de los datos personales del Usuario se regir\u00e1 por el Aviso de Privacidad disponible en la Plataforma, en cumplimiento con la legislaci\u00f3n aplicable.<\/p>\n<p>&nbsp;<\/p>\n<p>&nbsp;<\/p>\n<h2><\/h2>\n<h2>11. TEMPORALIDAD DEL MATERIAL<\/h2>\n<p>El Usuario reconoce y acepta que el Material estar\u00e1 disponible hasta 365 (trescientos sesenta y cinco) d\u00edas posteriores a la publicaci\u00f3n del \u00faltimo m\u00f3dulo y\/o contenido del Material.<\/p>\n<p>&nbsp;<\/p>\n<p>&nbsp;<\/p>\n<p>&nbsp;<\/p>\n<h2><\/h2>\n<h2>12. MODIFICACIONES<\/h2>\n<p>GBM se reserva el derecho de modificar el contenido de la Plataforma y de los presentes T\u00e9rminos en cualquier momento, bastando su publicaci\u00f3n a trav\u00e9s de la Plataforma.\u00a0La sola continuidad en la utilizaci\u00f3n de la Plataforma dar\u00e1 a entender la plena aceptaci\u00f3n de los nuevos t\u00e9rminos y condiciones por parte del Usuario<\/p>\n<p>&nbsp;<\/p>\n<p>&nbsp;<\/p>\n<h2><\/h2>\n<h2>13.\u00a0 LEY APLICABLE Y JURISDICCI\u00d3N<\/h2>\n<p>Los presentes T\u00e9rminos se regir\u00e1n por las leyes de los Estados Unidos Mexicanos. Para la interpretaci\u00f3n y cumplimiento de los mismos, las partes se someten a la jurisdicci\u00f3n de los tribunales competentes de la Ciudad de M\u00e9xico, renunciando a cualquier otro fuero que pudiera corresponderles por raz\u00f3n de su domicilio presente o futuro.<\/p>\n<p>Al registrarse y utilizar la Plataforma, <strong><u>el Usuario declara que ha le\u00eddo, comprendido y aceptado en su totalidad los presentes T\u00e9rminos y Condiciones de Uso.<\/u><\/strong><\/p>\n<p>&nbsp;<\/p>\n<p><strong><em>Acepto que he le\u00eddo y acepto los T\u00e9rminos y Condiciones de Uso de la Plataforma.<\/em><\/strong><\/p>\n<p>&nbsp;<\/p>\n","protected":false},"excerpt":{"rendered":"<p>1. ACEPTACI\u00d3N DE LOS T\u00c9RMINOS El presente documento establece los T\u00e9rminos y Condiciones de Uso (en adelante, los \u201cT\u00e9rminos\u201d) que rigen el acceso y uso de la plataforma de acceso (en adelante, la \u201cPlataforma\u201d) al curso denominado \u201cTrading Sessions\u201d (el \u201cCurso\u201d) operada por GBM.com, S.A. de C.V. (en adelante \u201cGBM\u201d). Al hacer clic en \u201cAcepto [&hellip;]<\/p>\n","protected":false},"author":2,"featured_media":0,"parent":0,"menu_order":0,"comment_status":"closed","ping_status":"closed","template":"template-legales.php","meta":{"_acf_changed":false,"footnotes":""},"class_list":["post-94","page","type-page","status-publish","hentry"],"acf":[],"featured_image_src":null,"featured_image_src_square":null,"_links":{"self":[{"href":"https:\/\/gbm.com\/the-trading-sessions\/wp-json\/wp\/v2\/pages\/94","targetHints":{"allow":["GET"]}}],"collection":[{"href":"https:\/\/gbm.com\/the-trading-sessions\/wp-json\/wp\/v2\/pages"}],"about":[{"href":"https:\/\/gbm.com\/the-trading-sessions\/wp-json\/wp\/v2\/types\/page"}],"author":[{"embeddable":true,"href":"https:\/\/gbm.com\/the-trading-sessions\/wp-json\/wp\/v2\/users\/2"}],"replies":[{"embeddable":true,"href":"https:\/\/gbm.com\/the-trading-sessions\/wp-json\/wp\/v2\/comments?post=94"}],"version-history":[{"count":11,"href":"https:\/\/gbm.com\/the-trading-sessions\/wp-json\/wp\/v2\/pages\/94\/revisions"}],"predecessor-version":[{"id":105,"href":"https:\/\/gbm.com\/the-trading-sessions\/wp-json\/wp\/v2\/pages\/94\/revisions\/105"}],"wp:attachment":[{"href":"https:\/\/gbm.com\/the-trading-sessions\/wp-json\/wp\/v2\/media?parent=94"}],"curies":[{"name":"wp","href":"https:\/\/api.w.org\/{rel}","templated":true}]}}