{"id":151,"date":"2026-01-07T23:04:00","date_gmt":"2026-01-07T23:04:00","guid":{"rendered":"https:\/\/gbm.com\/universidad-gbm\/?page_id=151"},"modified":"2026-01-08T23:47:34","modified_gmt":"2026-01-08T23:47:34","slug":"faqs","status":"publish","type":"page","link":"https:\/\/gbm.com\/universidad-gbm\/faqs\/","title":{"rendered":"FAQs"},"content":{"rendered":"","protected":false},"excerpt":{"rendered":"","protected":false},"author":2,"featured_media":0,"parent":0,"menu_order":0,"comment_status":"closed","ping_status":"closed","template":"template-faq.php","meta":{"_acf_changed":false,"footnotes":""},"class_list":["post-151","page","type-page","status-publish","hentry"],"acf":[],"yoast_head":"<!-- This site is optimized with the Yoast SEO plugin v26.9 - https:\/\/yoast.com\/product\/yoast-seo-wordpress\/ -->\n<title>FAQs - Universidad GBM<\/title>\n<meta name=\"robots\" content=\"index, follow, max-snippet:-1, max-image-preview:large, max-video-preview:-1\" \/>\n<link rel=\"canonical\" href=\"https:\/\/gbm.com\/universidad-gbm\/faqs\/\" \/>\n<meta property=\"og:locale\" content=\"es_MX\" \/>\n<meta property=\"og:type\" content=\"article\" \/>\n<meta property=\"og:title\" content=\"FAQs - Universidad GBM\" \/>\n<meta property=\"og:url\" content=\"https:\/\/gbm.com\/universidad-gbm\/faqs\/\" \/>\n<meta property=\"og:site_name\" content=\"Universidad GBM\" \/>\n<meta property=\"article:modified_time\" content=\"2026-01-08T23:47:34+00:00\" \/>\n<meta name=\"twitter:card\" content=\"summary_large_image\" \/>\n<script type=\"application\/ld+json\" class=\"yoast-schema-graph\">{\"@context\":\"https:\/\/schema.org\",\"@graph\":[{\"@type\":\"WebPage\",\"@id\":\"https:\/\/gbm.com\/universidad-gbm\/faqs\/\",\"url\":\"https:\/\/gbm.com\/universidad-gbm\/faqs\/\",\"name\":\"FAQs - Universidad GBM\",\"isPartOf\":{\"@id\":\"https:\/\/gbm.com\/universidad-gbm\/#website\"},\"datePublished\":\"2026-01-07T23:04:00+00:00\",\"dateModified\":\"2026-01-08T23:47:34+00:00\",\"breadcrumb\":{\"@id\":\"https:\/\/gbm.com\/universidad-gbm\/faqs\/#breadcrumb\"},\"inLanguage\":\"es-MX\",\"potentialAction\":[{\"@type\":\"ReadAction\",\"target\":[\"https:\/\/gbm.com\/universidad-gbm\/faqs\/\"]}]},{\"@type\":\"BreadcrumbList\",\"@id\":\"https:\/\/gbm.com\/universidad-gbm\/faqs\/#breadcrumb\",\"itemListElement\":[{\"@type\":\"ListItem\",\"position\":1,\"name\":\"Home\",\"item\":\"https:\/\/gbm.com\/universidad-gbm\/\"},{\"@type\":\"ListItem\",\"position\":2,\"name\":\"FAQs\"}]},{\"@type\":\"WebSite\",\"@id\":\"https:\/\/gbm.com\/universidad-gbm\/#website\",\"url\":\"https:\/\/gbm.com\/universidad-gbm\/\",\"name\":\"Universidad GBM\",\"description\":\"Vu\u00e9lvete asesor financiero con GBM. Prep\u00e1rate con el programa m\u00e1s completo para emprender en esta profesi\u00f3n y llevar tu carrera al siguiente nivel.\",\"alternateName\":\"Universidad para Asesores Financieros GBM\",\"potentialAction\":[{\"@type\":\"SearchAction\",\"target\":{\"@type\":\"EntryPoint\",\"urlTemplate\":\"https:\/\/gbm.com\/universidad-gbm\/?s={search_term_string}\"},\"query-input\":{\"@type\":\"PropertyValueSpecification\",\"valueRequired\":true,\"valueName\":\"search_term_string\"}}],\"inLanguage\":\"es-MX\"}]}<\/script>\n<!-- \/ Yoast SEO plugin. -->","yoast_head_json":{"title":"FAQs - Universidad GBM","robots":{"index":"index","follow":"follow","max-snippet":"max-snippet:-1","max-image-preview":"max-image-preview:large","max-video-preview":"max-video-preview:-1"},"canonical":"https:\/\/gbm.com\/universidad-gbm\/faqs\/","og_locale":"es_MX","og_type":"article","og_title":"FAQs - Universidad GBM","og_url":"https:\/\/gbm.com\/universidad-gbm\/faqs\/","og_site_name":"Universidad GBM","article_modified_time":"2026-01-08T23:47:34+00:00","twitter_card":"summary_large_image","schema":{"@context":"https:\/\/schema.org","@graph":[{"@type":"WebPage","@id":"https:\/\/gbm.com\/universidad-gbm\/faqs\/","url":"https:\/\/gbm.com\/universidad-gbm\/faqs\/","name":"FAQs - Universidad GBM","isPartOf":{"@id":"https:\/\/gbm.com\/universidad-gbm\/#website"},"datePublished":"2026-01-07T23:04:00+00:00","dateModified":"2026-01-08T23:47:34+00:00","breadcrumb":{"@id":"https:\/\/gbm.com\/universidad-gbm\/faqs\/#breadcrumb"},"inLanguage":"es-MX","potentialAction":[{"@type":"ReadAction","target":["https:\/\/gbm.com\/universidad-gbm\/faqs\/"]}]},{"@type":"BreadcrumbList","@id":"https:\/\/gbm.com\/universidad-gbm\/faqs\/#breadcrumb","itemListElement":[{"@type":"ListItem","position":1,"name":"Home","item":"https:\/\/gbm.com\/universidad-gbm\/"},{"@type":"ListItem","position":2,"name":"FAQs"}]},{"@type":"WebSite","@id":"https:\/\/gbm.com\/universidad-gbm\/#website","url":"https:\/\/gbm.com\/universidad-gbm\/","name":"Universidad GBM","description":"Vu\u00e9lvete asesor financiero con GBM. Prep\u00e1rate con el programa m\u00e1s completo para emprender en esta profesi\u00f3n y llevar tu carrera al siguiente nivel.","alternateName":"Universidad para Asesores Financieros GBM","potentialAction":[{"@type":"SearchAction","target":{"@type":"EntryPoint","urlTemplate":"https:\/\/gbm.com\/universidad-gbm\/?s={search_term_string}"},"query-input":{"@type":"PropertyValueSpecification","valueRequired":true,"valueName":"search_term_string"}}],"inLanguage":"es-MX"}]}},"_links":{"self":[{"href":"https:\/\/gbm.com\/universidad-gbm\/wp-json\/wp\/v2\/pages\/151","targetHints":{"allow":["GET"]}}],"collection":[{"href":"https:\/\/gbm.com\/universidad-gbm\/wp-json\/wp\/v2\/pages"}],"about":[{"href":"https:\/\/gbm.com\/universidad-gbm\/wp-json\/wp\/v2\/types\/page"}],"author":[{"embeddable":true,"href":"https:\/\/gbm.com\/universidad-gbm\/wp-json\/wp\/v2\/users\/2"}],"replies":[{"embeddable":true,"href":"https:\/\/gbm.com\/universidad-gbm\/wp-json\/wp\/v2\/comments?post=151"}],"version-history":[{"count":2,"href":"https:\/\/gbm.com\/universidad-gbm\/wp-json\/wp\/v2\/pages\/151\/revisions"}],"predecessor-version":[{"id":219,"href":"https:\/\/gbm.com\/universidad-gbm\/wp-json\/wp\/v2\/pages\/151\/revisions\/219"}],"wp:attachment":[{"href":"https:\/\/gbm.com\/universidad-gbm\/wp-json\/wp\/v2\/media?parent=151"}],"curies":[{"name":"wp","href":"https:\/\/api.w.org\/{rel}","templated":true}]}}